{"id":95,"date":"2023-03-10T10:35:20","date_gmt":"2023-03-10T10:35:20","guid":{"rendered":"https:\/\/katosselankanootit.fi\/?page_id=95"},"modified":"2023-07-05T11:27:00","modified_gmt":"2023-07-05T11:27:00","slug":"kanoottien-vuokraus","status":"publish","type":"page","link":"https:\/\/katosselankanootit.fi\/index.php\/kanoottien-vuokraus\/","title":{"rendered":"Kanoottien vuokraus"},"content":{"rendered":"\n<p>Vuokraamme sek\u00e4 avokanootteja (inkkarikanootti), ett\u00e4 kajakkeja.<br>Vuokrattava kalusto sijaitsee Puumalan it\u00e4laidalla, Saimaan Lievisk\u00e4nlahden rannalla, josta on hyv\u00e4 l\u00e4hte\u00e4 melomaan er\u00e4maisen Katossel\u00e4n vesille. <br>Rauhallisesti virtaava Lievisk\u00e4njoki on my\u00f6s erinomainen melontakohde, kuljetamme tarvittaessa kanootit ja melojat joen l\u00e4ht\u00f6paikkaan, Pienen Jukaj\u00e4rven rannalle, josta voit meloa joko pelk\u00e4n joen tai jatkaa Lievisk\u00e4nj\u00e4rven ja Lievisk\u00e4nlahden kautta meille, jolloin et tarvitse kuin yhden maksullisen kuljetuksen.<br>Tarvittaessa my\u00f6s rantasauna l\u00e4mpi\u00e4\u00e4 pienest\u00e4 lis\u00e4maksusta, jolloin voit nauttia melonnan j\u00e4lkeen rantasaunan l\u00f6ylyist\u00e4.<\/p>\n\n\n\n<p>Kuljetamme kanootteja eri maksusta my\u00f6s muualle, vuokraajan haluamaan paikkaan ja noudamme ne k\u00e4yt\u00f6n j\u00e4lkeen takaisin.<\/p>\n\n\n\n<p>Turvallisuussyist\u00e4 suosittelemme, ett\u00e4 vuokraajilla on ennest\u00e4\u00e4n  kokemusta melonnasta, ryhm\u00e4ss\u00e4 olisi hyv\u00e4 olla ainakin yksi kokenut meloja. Ensikertalaisille suosittelemme kaksikkoa, joka on tukevampi meloa ja helpompi hallita. Uimataito on v\u00e4ltt\u00e4m\u00e4t\u00f6n edellytys kaikille kanoottien vuokraajille.<br>Tarkemmat vuokraehdot l\u00f6yd\u00e4t Vuokrahinnat- ja ehdot sivulta.<br><\/p>\n\n\n\n<p><\/p>\n","protected":false},"excerpt":{"rendered":"<p>Vuokraamme sek\u00e4 avokanootteja (inkkarikanootti), ett\u00e4 kajakkeja.Vuokrattava kalusto sijaitsee Puumalan it\u00e4laidalla, Saimaan Lievisk\u00e4nlahden rannalla, josta on hyv\u00e4 l\u00e4hte\u00e4 melomaan er\u00e4maisen Katossel\u00e4n vesille. Rauhallisesti virtaava Lievisk\u00e4njoki on my\u00f6s erinomainen melontakohde, kuljetamme tarvittaessa kanootit ja melojat joen l\u00e4ht\u00f6paikkaan, Pienen Jukaj\u00e4rven rannalle, josta voit meloa joko pelk\u00e4n joen tai jatkaa Lievisk\u00e4nj\u00e4rven ja Lievisk\u00e4nlahden kautta meille, jolloin et tarvitse kuin [&hellip;]<\/p>\n","protected":false},"author":2,"featured_media":22,"parent":0,"menu_order":0,"comment_status":"closed","ping_status":"closed","template":"","meta":{"footnotes":""},"class_list":["post-95","page","type-page","status-publish","has-post-thumbnail","hentry"],"yoast_head":"<!-- This site is optimized with the Yoast SEO plugin v27.4 - https:\/\/yoast.com\/product\/yoast-seo-wordpress\/ -->\n<title>Kanoottien vuokraus -<\/title>\n<meta name=\"robots\" content=\"index, follow, max-snippet:-1, max-image-preview:large, max-video-preview:-1\" \/>\n<link rel=\"canonical\" href=\"https:\/\/katosselankanootit.fi\/index.php\/kanoottien-vuokraus\/\" \/>\n<meta property=\"og:locale\" content=\"fi_FI\" \/>\n<meta property=\"og:type\" content=\"article\" \/>\n<meta property=\"og:title\" content=\"Kanoottien vuokraus -\" \/>\n<meta property=\"og:description\" content=\"Vuokraamme sek\u00e4 avokanootteja (inkkarikanootti), ett\u00e4 kajakkeja.Vuokrattava kalusto sijaitsee Puumalan it\u00e4laidalla, Saimaan Lievisk\u00e4nlahden rannalla, josta on hyv\u00e4 l\u00e4hte\u00e4 melomaan er\u00e4maisen Katossel\u00e4n vesille. Rauhallisesti virtaava Lievisk\u00e4njoki on my\u00f6s erinomainen melontakohde, kuljetamme tarvittaessa kanootit ja melojat joen l\u00e4ht\u00f6paikkaan, Pienen Jukaj\u00e4rven rannalle, josta voit meloa joko pelk\u00e4n joen tai jatkaa Lievisk\u00e4nj\u00e4rven ja Lievisk\u00e4nlahden kautta meille, jolloin et tarvitse kuin [&hellip;]\" \/>\n<meta property=\"og:url\" content=\"https:\/\/katosselankanootit.fi\/index.php\/kanoottien-vuokraus\/\" \/>\n<meta property=\"article:modified_time\" content=\"2023-07-05T11:27:00+00:00\" \/>\n<meta property=\"og:image\" content=\"https:\/\/katosselankanootit.fi\/wp-content\/uploads\/2023\/02\/20200805_163156-scaled-e1677521392261.jpg\" \/>\n\t<meta property=\"og:image:width\" content=\"1961\" \/>\n\t<meta property=\"og:image:height\" content=\"1103\" \/>\n\t<meta property=\"og:image:type\" content=\"image\/jpeg\" \/>\n<meta name=\"twitter:card\" content=\"summary_large_image\" \/>\n<meta name=\"twitter:label1\" content=\"Arvioitu lukuaika\" \/>\n\t<meta name=\"twitter:data1\" content=\"1 minuutti\" \/>\n<script type=\"application\/ld+json\" class=\"yoast-schema-graph\">{\"@context\":\"https:\\\/\\\/schema.org\",\"@graph\":[{\"@type\":\"WebPage\",\"@id\":\"https:\\\/\\\/katosselankanootit.fi\\\/index.php\\\/kanoottien-vuokraus\\\/\",\"url\":\"https:\\\/\\\/katosselankanootit.fi\\\/index.php\\\/kanoottien-vuokraus\\\/\",\"name\":\"Kanoottien vuokraus -\",\"isPartOf\":{\"@id\":\"https:\\\/\\\/katosselankanootit.fi\\\/#website\"},\"primaryImageOfPage\":{\"@id\":\"https:\\\/\\\/katosselankanootit.fi\\\/index.php\\\/kanoottien-vuokraus\\\/#primaryimage\"},\"image\":{\"@id\":\"https:\\\/\\\/katosselankanootit.fi\\\/index.php\\\/kanoottien-vuokraus\\\/#primaryimage\"},\"thumbnailUrl\":\"https:\\\/\\\/katosselankanootit.fi\\\/wp-content\\\/uploads\\\/2023\\\/02\\\/20200805_163156-scaled-e1677521392261.jpg\",\"datePublished\":\"2023-03-10T10:35:20+00:00\",\"dateModified\":\"2023-07-05T11:27:00+00:00\",\"breadcrumb\":{\"@id\":\"https:\\\/\\\/katosselankanootit.fi\\\/index.php\\\/kanoottien-vuokraus\\\/#breadcrumb\"},\"inLanguage\":\"fi\",\"potentialAction\":[{\"@type\":\"ReadAction\",\"target\":[\"https:\\\/\\\/katosselankanootit.fi\\\/index.php\\\/kanoottien-vuokraus\\\/\"]}]},{\"@type\":\"ImageObject\",\"inLanguage\":\"fi\",\"@id\":\"https:\\\/\\\/katosselankanootit.fi\\\/index.php\\\/kanoottien-vuokraus\\\/#primaryimage\",\"url\":\"https:\\\/\\\/katosselankanootit.fi\\\/wp-content\\\/uploads\\\/2023\\\/02\\\/20200805_163156-scaled-e1677521392261.jpg\",\"contentUrl\":\"https:\\\/\\\/katosselankanootit.fi\\\/wp-content\\\/uploads\\\/2023\\\/02\\\/20200805_163156-scaled-e1677521392261.jpg\",\"width\":1961,\"height\":1103},{\"@type\":\"BreadcrumbList\",\"@id\":\"https:\\\/\\\/katosselankanootit.fi\\\/index.php\\\/kanoottien-vuokraus\\\/#breadcrumb\",\"itemListElement\":[{\"@type\":\"ListItem\",\"position\":1,\"name\":\"Etusivu\",\"item\":\"https:\\\/\\\/katosselankanootit.fi\\\/\"},{\"@type\":\"ListItem\",\"position\":2,\"name\":\"Kanoottien vuokraus\"}]},{\"@type\":\"WebSite\",\"@id\":\"https:\\\/\\\/katosselankanootit.fi\\\/#website\",\"url\":\"https:\\\/\\\/katosselankanootit.fi\\\/\",\"name\":\"Katossel\u00e4n kanootit\",\"description\":\"\",\"publisher\":{\"@id\":\"https:\\\/\\\/katosselankanootit.fi\\\/#organization\"},\"potentialAction\":[{\"@type\":\"SearchAction\",\"target\":{\"@type\":\"EntryPoint\",\"urlTemplate\":\"https:\\\/\\\/katosselankanootit.fi\\\/?s={search_term_string}\"},\"query-input\":{\"@type\":\"PropertyValueSpecification\",\"valueRequired\":true,\"valueName\":\"search_term_string\"}}],\"inLanguage\":\"fi\"},{\"@type\":\"Organization\",\"@id\":\"https:\\\/\\\/katosselankanootit.fi\\\/#organization\",\"name\":\"TietoKokki\",\"url\":\"https:\\\/\\\/katosselankanootit.fi\\\/\",\"logo\":{\"@type\":\"ImageObject\",\"inLanguage\":\"fi\",\"@id\":\"https:\\\/\\\/katosselankanootit.fi\\\/#\\\/schema\\\/logo\\\/image\\\/\",\"url\":\"https:\\\/\\\/katosselankanootit.fi\\\/wp-content\\\/uploads\\\/2023\\\/07\\\/cropped-kanoottilogo.png\",\"contentUrl\":\"https:\\\/\\\/katosselankanootit.fi\\\/wp-content\\\/uploads\\\/2023\\\/07\\\/cropped-kanoottilogo.png\",\"width\":120,\"height\":119,\"caption\":\"TietoKokki\"},\"image\":{\"@id\":\"https:\\\/\\\/katosselankanootit.fi\\\/#\\\/schema\\\/logo\\\/image\\\/\"}}]}<\/script>\n<!-- \/ Yoast SEO plugin. -->","yoast_head_json":{"title":"Kanoottien vuokraus -","robots":{"index":"index","follow":"follow","max-snippet":"max-snippet:-1","max-image-preview":"max-image-preview:large","max-video-preview":"max-video-preview:-1"},"canonical":"https:\/\/katosselankanootit.fi\/index.php\/kanoottien-vuokraus\/","og_locale":"fi_FI","og_type":"article","og_title":"Kanoottien vuokraus -","og_description":"Vuokraamme sek\u00e4 avokanootteja (inkkarikanootti), ett\u00e4 kajakkeja.Vuokrattava kalusto sijaitsee Puumalan it\u00e4laidalla, Saimaan Lievisk\u00e4nlahden rannalla, josta on hyv\u00e4 l\u00e4hte\u00e4 melomaan er\u00e4maisen Katossel\u00e4n vesille. Rauhallisesti virtaava Lievisk\u00e4njoki on my\u00f6s erinomainen melontakohde, kuljetamme tarvittaessa kanootit ja melojat joen l\u00e4ht\u00f6paikkaan, Pienen Jukaj\u00e4rven rannalle, josta voit meloa joko pelk\u00e4n joen tai jatkaa Lievisk\u00e4nj\u00e4rven ja Lievisk\u00e4nlahden kautta meille, jolloin et tarvitse kuin [&hellip;]","og_url":"https:\/\/katosselankanootit.fi\/index.php\/kanoottien-vuokraus\/","article_modified_time":"2023-07-05T11:27:00+00:00","og_image":[{"width":1961,"height":1103,"url":"https:\/\/katosselankanootit.fi\/wp-content\/uploads\/2023\/02\/20200805_163156-scaled-e1677521392261.jpg","type":"image\/jpeg"}],"twitter_card":"summary_large_image","twitter_misc":{"Arvioitu lukuaika":"1 minuutti"},"schema":{"@context":"https:\/\/schema.org","@graph":[{"@type":"WebPage","@id":"https:\/\/katosselankanootit.fi\/index.php\/kanoottien-vuokraus\/","url":"https:\/\/katosselankanootit.fi\/index.php\/kanoottien-vuokraus\/","name":"Kanoottien vuokraus -","isPartOf":{"@id":"https:\/\/katosselankanootit.fi\/#website"},"primaryImageOfPage":{"@id":"https:\/\/katosselankanootit.fi\/index.php\/kanoottien-vuokraus\/#primaryimage"},"image":{"@id":"https:\/\/katosselankanootit.fi\/index.php\/kanoottien-vuokraus\/#primaryimage"},"thumbnailUrl":"https:\/\/katosselankanootit.fi\/wp-content\/uploads\/2023\/02\/20200805_163156-scaled-e1677521392261.jpg","datePublished":"2023-03-10T10:35:20+00:00","dateModified":"2023-07-05T11:27:00+00:00","breadcrumb":{"@id":"https:\/\/katosselankanootit.fi\/index.php\/kanoottien-vuokraus\/#breadcrumb"},"inLanguage":"fi","potentialAction":[{"@type":"ReadAction","target":["https:\/\/katosselankanootit.fi\/index.php\/kanoottien-vuokraus\/"]}]},{"@type":"ImageObject","inLanguage":"fi","@id":"https:\/\/katosselankanootit.fi\/index.php\/kanoottien-vuokraus\/#primaryimage","url":"https:\/\/katosselankanootit.fi\/wp-content\/uploads\/2023\/02\/20200805_163156-scaled-e1677521392261.jpg","contentUrl":"https:\/\/katosselankanootit.fi\/wp-content\/uploads\/2023\/02\/20200805_163156-scaled-e1677521392261.jpg","width":1961,"height":1103},{"@type":"BreadcrumbList","@id":"https:\/\/katosselankanootit.fi\/index.php\/kanoottien-vuokraus\/#breadcrumb","itemListElement":[{"@type":"ListItem","position":1,"name":"Etusivu","item":"https:\/\/katosselankanootit.fi\/"},{"@type":"ListItem","position":2,"name":"Kanoottien vuokraus"}]},{"@type":"WebSite","@id":"https:\/\/katosselankanootit.fi\/#website","url":"https:\/\/katosselankanootit.fi\/","name":"Katossel\u00e4n kanootit","description":"","publisher":{"@id":"https:\/\/katosselankanootit.fi\/#organization"},"potentialAction":[{"@type":"SearchAction","target":{"@type":"EntryPoint","urlTemplate":"https:\/\/katosselankanootit.fi\/?s={search_term_string}"},"query-input":{"@type":"PropertyValueSpecification","valueRequired":true,"valueName":"search_term_string"}}],"inLanguage":"fi"},{"@type":"Organization","@id":"https:\/\/katosselankanootit.fi\/#organization","name":"TietoKokki","url":"https:\/\/katosselankanootit.fi\/","logo":{"@type":"ImageObject","inLanguage":"fi","@id":"https:\/\/katosselankanootit.fi\/#\/schema\/logo\/image\/","url":"https:\/\/katosselankanootit.fi\/wp-content\/uploads\/2023\/07\/cropped-kanoottilogo.png","contentUrl":"https:\/\/katosselankanootit.fi\/wp-content\/uploads\/2023\/07\/cropped-kanoottilogo.png","width":120,"height":119,"caption":"TietoKokki"},"image":{"@id":"https:\/\/katosselankanootit.fi\/#\/schema\/logo\/image\/"}}]}},"_links":{"self":[{"href":"https:\/\/katosselankanootit.fi\/index.php\/wp-json\/wp\/v2\/pages\/95","targetHints":{"allow":["GET"]}}],"collection":[{"href":"https:\/\/katosselankanootit.fi\/index.php\/wp-json\/wp\/v2\/pages"}],"about":[{"href":"https:\/\/katosselankanootit.fi\/index.php\/wp-json\/wp\/v2\/types\/page"}],"author":[{"embeddable":true,"href":"https:\/\/katosselankanootit.fi\/index.php\/wp-json\/wp\/v2\/users\/2"}],"replies":[{"embeddable":true,"href":"https:\/\/katosselankanootit.fi\/index.php\/wp-json\/wp\/v2\/comments?post=95"}],"version-history":[{"count":8,"href":"https:\/\/katosselankanootit.fi\/index.php\/wp-json\/wp\/v2\/pages\/95\/revisions"}],"predecessor-version":[{"id":365,"href":"https:\/\/katosselankanootit.fi\/index.php\/wp-json\/wp\/v2\/pages\/95\/revisions\/365"}],"wp:featuredmedia":[{"embeddable":true,"href":"https:\/\/katosselankanootit.fi\/index.php\/wp-json\/wp\/v2\/media\/22"}],"wp:attachment":[{"href":"https:\/\/katosselankanootit.fi\/index.php\/wp-json\/wp\/v2\/media?parent=95"}],"curies":[{"name":"wp","href":"https:\/\/api.w.org\/{rel}","templated":true}]}}